{"id":10,"date":"2020-01-15T12:27:18","date_gmt":"2020-01-15T12:27:18","guid":{"rendered":"http:\/\/elektro-pio.de\/?page_id=10"},"modified":"2020-01-16T11:38:27","modified_gmt":"2020-01-16T11:38:27","slug":"dienstleistungen","status":"publish","type":"page","link":"http:\/\/elektro-pio.de\/?page_id=10","title":{"rendered":"Dienstleistungen"},"content":{"rendered":"\n<p>Wir bieten Komplettl\u00f6sungen aus einer Hand. So betreuen wir unsere Kunden von der Beratung \u00fcber die Planung bis hin zur Montage und zuverl\u00e4ssigen Wartung.<\/p>\n\n\n\n<p>In der nachfolgenden \u00dcbersicht finden Sie eine Auswahl aus unserem Leistungskatalog. Sollten Sie individuelle W\u00fcnsche haben, oder die ben\u00f6tigte T\u00e4tigkeit nicht aufgelistet sein, nehmen Sie gerne mit uns Kontakt auf.<\/p>\n\n\n\n<p><\/p>\n\n\n\n<p> <\/p>\n\n\n\n<div class=\"is-layout-flow wp-block-group\"><div class=\"wp-block-group__inner-container\">\n<div class=\"is-layout-flex wp-container-3 wp-block-columns\">\n<div class=\"is-layout-flow wp-block-column\">\n<h2 class=\"rich-text editor-rich-text__editable block-editor-rich-text__editable\" role=\"textbox\" contenteditable=\"true\" aria-multiline=\"true\" aria-label=\"Schreib eine \u00dcberschrift\u2026\">Konventionelle Elektroinstallation &amp; Smart Homes<\/h2>\n<\/div>\n\n\n\n<div class=\"is-layout-flow wp-block-column\">\n<h2 class=\"rich-text editor-rich-text__editable block-editor-rich-text__editable is-selected\" role=\"textbox\" contenteditable=\"true\" aria-multiline=\"true\" aria-label=\"Schreib eine \u00dcberschrift\u2026\">Schaltschrankbau<\/h2>\n\n\n\n<p><\/p>\n<\/div>\n<\/div>\n<\/div><\/div>\n\n\n\n<div class=\"is-layout-flow wp-block-group\"><div class=\"wp-block-group__inner-container\">\n<div class=\"is-layout-flex wp-container-13 wp-block-columns\">\n<div class=\"is-layout-flow wp-block-column\">\n<div class=\"is-layout-flex wp-container-7 wp-block-columns\">\n<div class=\"is-layout-flow wp-block-column\" style=\"flex-basis:33.33%\">\n<figure class=\"wp-block-image size-large is-resized\"><img decoding=\"async\" loading=\"lazy\" src=\"http:\/\/elektro-pio.de\/wp-content\/uploads\/2020\/01\/Gira-Schalter-1-794x1024.png\" alt=\"\" class=\"wp-image-85\" width=\"150\" height=\"171\"\/><\/figure>\n<\/div>\n\n\n\n<div class=\"is-layout-flow wp-block-column\" style=\"flex-basis:66.66%\">\n<ul>\n<li>Steckdosen, Schalter, Herdanschluss<\/li>\n<li>Beleuchtung, Beschattung, uvm.<\/li>\n<li>Alarm-\/ und Brandmeldesysteme<\/li>\n<\/ul>\n<\/div>\n<\/div>\n<\/div>\n\n\n\n<div class=\"is-layout-flow wp-block-column\">\n<div class=\"is-layout-flex wp-container-11 wp-block-columns\">\n<div class=\"is-layout-flow wp-block-column\" style=\"flex-basis:33.33%\">\n<figure class=\"wp-block-image size-large is-resized\"><img decoding=\"async\" loading=\"lazy\" src=\"http:\/\/elektro-pio.de\/wp-content\/uploads\/2020\/01\/IMG-20191216-WA0005.jpg\" alt=\"\" class=\"wp-image-39\" width=\"150\" height=\"177\"\/><\/figure>\n<\/div>\n\n\n\n<div class=\"is-layout-flow wp-block-column\" style=\"flex-basis:66.66%\">\n<ul>\n<li>Planung und Verdrahtung<\/li>\n<li>Beschriftung und Funktionspr\u00fcfung<\/li>\n<li>Inbetriebnahme<\/li>\n<\/ul>\n<\/div>\n<\/div>\n<\/div>\n<\/div>\n<\/div><\/div>\n\n\n\n<div class=\"is-layout-flow wp-block-group\"><div class=\"wp-block-group__inner-container\">\n<div class=\"is-layout-flex wp-container-17 wp-block-columns\">\n<div class=\"is-layout-flow wp-block-column\">\n<h2 class=\"rich-text editor-rich-text__editable block-editor-rich-text__editable is-selected\" role=\"textbox\" contenteditable=\"true\" aria-multiline=\"true\" aria-label=\"Schreib eine \u00dcberschrift\u2026\">Netzwerkverkabelung<\/h2>\n<\/div>\n\n\n\n<div class=\"is-layout-flow wp-block-column\">\n<h2 class=\"rich-text editor-rich-text__editable block-editor-rich-text__editable is-selected\" role=\"textbox\" contenteditable=\"true\" aria-multiline=\"true\" aria-label=\"Schreib eine \u00dcberschrift\u2026\">SAT-\/Kabelanlagen<\/h2>\n<\/div>\n<\/div>\n<\/div><\/div>\n\n\n\n<div class=\"is-layout-flow wp-block-group\"><div class=\"wp-block-group__inner-container\">\n<div class=\"is-layout-flex wp-container-27 wp-block-columns\">\n<div class=\"is-layout-flow wp-block-column\">\n<div class=\"is-layout-flex wp-container-21 wp-block-columns\">\n<div class=\"is-layout-flow wp-block-column\" style=\"flex-basis:33.33%\">\n<figure class=\"wp-block-image size-large is-resized\"><img decoding=\"async\" loading=\"lazy\" src=\"http:\/\/elektro-pio.de\/wp-content\/uploads\/2020\/01\/network-cables-Bild-von-Michael-Schwarzenberger-auf-Pixabay-1024x683.jpg\" alt=\"\" class=\"wp-image-40\" width=\"175\" height=\"150\"\/><\/figure>\n<\/div>\n\n\n\n<div class=\"is-layout-flow wp-block-column\" style=\"flex-basis:66.66%\">\n<ul>\n<li>Ethernet-Verkabelung<\/li>\n<li>Einrichtung von WLAN- Accesspoints<\/li>\n<li>Serverschrankbau<\/li>\n<\/ul>\n<\/div>\n<\/div>\n<\/div>\n\n\n\n<div class=\"is-layout-flow wp-block-column\">\n<div class=\"is-layout-flex wp-container-25 wp-block-columns\">\n<div class=\"is-layout-flow wp-block-column\" style=\"flex-basis:33.33%\">\n<figure class=\"wp-block-image size-large is-resized\"><img decoding=\"async\" src=\"http:\/\/elektro-pio.de\/wp-content\/uploads\/2020\/01\/IMG-20191216-WA0023.jpg\" alt=\"\" class=\"wp-image-43\" width=\"150\" srcset=\"http:\/\/elektro-pio.de\/wp-content\/uploads\/2020\/01\/IMG-20191216-WA0023.jpg 768w, http:\/\/elektro-pio.de\/wp-content\/uploads\/2020\/01\/IMG-20191216-WA0023-225x300.jpg 225w\" sizes=\"(max-width: 767px) 89vw, (max-width: 1000px) 54vw, (max-width: 1071px) 543px, 580px\" \/><\/figure>\n<\/div>\n\n\n\n<div class=\"is-layout-flow wp-block-column\" style=\"flex-basis:66.66%\">\n<ul>\n<li>Installation von Multimedia- Anschlussdosen<\/li>\n<li>Lieferung, Montage und Ausrichtung Ihrer Satellitensch\u00fcssel<\/li>\n<\/ul>\n<\/div>\n<\/div>\n<\/div>\n<\/div>\n<\/div><\/div>\n\n\n\n<div class=\"is-layout-flow wp-block-group\"><div class=\"wp-block-group__inner-container\">\n<div class=\"is-layout-flex wp-container-31 wp-block-columns\">\n<div class=\"is-layout-flow wp-block-column\">\n<h2 class=\"rich-text editor-rich-text__editable block-editor-rich-text__editable\" role=\"textbox\" contenteditable=\"true\" aria-multiline=\"true\" aria-label=\"Schreib eine \u00dcberschrift\u2026\">Klingelanlagen<\/h2>\n<\/div>\n\n\n\n<div class=\"is-layout-flow wp-block-column\">\n<h2 class=\"rich-text editor-rich-text__editable block-editor-rich-text__editable is-selected\" role=\"textbox\" contenteditable=\"true\" aria-multiline=\"true\" aria-label=\"Schreib eine \u00dcberschrift\u2026\">Stromspeicher<\/h2>\n<\/div>\n<\/div>\n<\/div><\/div>\n\n\n\n<div class=\"is-layout-flow wp-block-group\"><div class=\"wp-block-group__inner-container\">\n<div class=\"is-layout-flex wp-container-41 wp-block-columns\">\n<div class=\"is-layout-flow wp-block-column\">\n<div class=\"is-layout-flex wp-container-35 wp-block-columns\">\n<div class=\"is-layout-flow wp-block-column\" style=\"flex-basis:33.33%\">\n<figure class=\"wp-block-image size-large is-resized\"><img decoding=\"async\" src=\"http:\/\/elektro-pio.de\/wp-content\/uploads\/2020\/01\/IMG-20191216-WA0004.jpg\" alt=\"\" class=\"wp-image-46\" width=\"150\" srcset=\"http:\/\/elektro-pio.de\/wp-content\/uploads\/2020\/01\/IMG-20191216-WA0004.jpg 768w, http:\/\/elektro-pio.de\/wp-content\/uploads\/2020\/01\/IMG-20191216-WA0004-225x300.jpg 225w\" sizes=\"(max-width: 767px) 89vw, (max-width: 1000px) 54vw, (max-width: 1071px) 543px, 580px\" \/><\/figure>\n<\/div>\n\n\n\n<div class=\"is-layout-flow wp-block-column\" style=\"flex-basis:66.66%\">\n<ul>\n<li>T\u00fcrsprechanlagen (Video-und Audio)<\/li>\n<li>T\u00fcr\u00f6ffnerautomatik<\/li>\n<\/ul>\n<\/div>\n<\/div>\n<\/div>\n\n\n\n<div class=\"is-layout-flow wp-block-column\">\n<div class=\"is-layout-flex wp-container-39 wp-block-columns\">\n<div class=\"is-layout-flow wp-block-column\" style=\"flex-basis:33.33%\">\n<figure class=\"wp-block-image size-large is-resized\"><img decoding=\"async\" loading=\"lazy\" src=\"http:\/\/elektro-pio.de\/wp-content\/uploads\/2020\/01\/Bild-von-seagul-auf-Pixabay-1024x683.jpg\" alt=\"\" class=\"wp-image-48\" width=\"175\" height=\"171\"\/><\/figure>\n<\/div>\n\n\n\n<div class=\"is-layout-flow wp-block-column\" style=\"flex-basis:66.66%\">\n<ul>\n<li>Photovoltaikanlagen mit- und ohne Speicher<\/li>\n<\/ul>\n<\/div>\n<\/div>\n<\/div>\n<\/div>\n<\/div><\/div>\n\n\n\n<div class=\"is-layout-flow wp-block-group\"><div class=\"wp-block-group__inner-container\">\n<div class=\"is-layout-flex wp-container-45 wp-block-columns\">\n<div class=\"is-layout-flow wp-block-column\">\n<h2 class=\"rich-text editor-rich-text__editable block-editor-rich-text__editable is-selected\" role=\"textbox\" contenteditable=\"true\" aria-multiline=\"true\" aria-label=\"Schreib eine \u00dcberschrift\u2026\">Baustrom\/ Provisorische Stromversorgung<\/h2>\n<\/div>\n\n\n\n<div class=\"is-layout-flow wp-block-column\"><\/div>\n<\/div>\n<\/div><\/div>\n\n\n\n<div class=\"is-layout-flow wp-block-group\"><div class=\"wp-block-group__inner-container\">\n<div class=\"is-layout-flex wp-container-55 wp-block-columns\">\n<div class=\"is-layout-flow wp-block-column\">\n<div class=\"is-layout-flex wp-container-49 wp-block-columns\">\n<div class=\"is-layout-flow wp-block-column\" style=\"flex-basis:33.33%\">\n<figure class=\"wp-block-image size-large is-resized\"><img decoding=\"async\" loading=\"lazy\" src=\"http:\/\/elektro-pio.de\/wp-content\/uploads\/2020\/01\/IMG-20191216-WA0020-verpixelt.jpg\" alt=\"\" class=\"wp-image-49\" width=\"175\" height=\"192\"\/><\/figure>\n<\/div>\n\n\n\n<div class=\"is-layout-flow wp-block-column\" style=\"flex-basis:66.66%\">\n<p>Verleih, Lieferung &amp; Montage eines Baustromverteilers und Beantrantragung bei Ihrem lokalen Stromversorger<\/p>\n<\/div>\n<\/div>\n<\/div>\n\n\n\n<div class=\"is-layout-flow wp-block-column\">\n<div class=\"is-layout-flex wp-container-53 wp-block-columns\">\n<div class=\"is-layout-flow wp-block-column\" style=\"flex-basis:33.33%\"><\/div>\n\n\n\n<div class=\"is-layout-flow wp-block-column\" style=\"flex-basis:66.66%\"><\/div>\n<\/div>\n<\/div>\n<\/div>\n<\/div><\/div>\n\n\n\n<p><\/p>\n","protected":false},"excerpt":{"rendered":"<p>Wir bieten Komplettl\u00f6sungen aus einer Hand. So betreuen wir unsere Kunden von der Beratung \u00fcber die Planung bis hin zur Montage und zuverl\u00e4ssigen Wartung. In der nachfolgenden \u00dcbersicht finden Sie eine Auswahl aus unserem Leistungskatalog. Sollten Sie individuelle W\u00fcnsche haben, oder die ben\u00f6tigte T\u00e4tigkeit nicht aufgelistet sein, nehmen Sie gerne mit uns Kontakt auf. Konventionelle &hellip; <\/p>\n<p class=\"link-more\"><a href=\"http:\/\/elektro-pio.de\/?page_id=10\" class=\"more-link\"><span class=\"screen-reader-text\">\u201eDienstleistungen\u201c<\/span> weiterlesen<\/a><\/p>\n","protected":false},"author":1,"featured_media":0,"parent":0,"menu_order":0,"comment_status":"closed","ping_status":"closed","template":"","meta":[],"_links":{"self":[{"href":"http:\/\/elektro-pio.de\/index.php?rest_route=\/wp\/v2\/pages\/10"}],"collection":[{"href":"http:\/\/elektro-pio.de\/index.php?rest_route=\/wp\/v2\/pages"}],"about":[{"href":"http:\/\/elektro-pio.de\/index.php?rest_route=\/wp\/v2\/types\/page"}],"author":[{"embeddable":true,"href":"http:\/\/elektro-pio.de\/index.php?rest_route=\/wp\/v2\/users\/1"}],"replies":[{"embeddable":true,"href":"http:\/\/elektro-pio.de\/index.php?rest_route=%2Fwp%2Fv2%2Fcomments&post=10"}],"version-history":[{"count":14,"href":"http:\/\/elektro-pio.de\/index.php?rest_route=\/wp\/v2\/pages\/10\/revisions"}],"predecessor-version":[{"id":88,"href":"http:\/\/elektro-pio.de\/index.php?rest_route=\/wp\/v2\/pages\/10\/revisions\/88"}],"wp:attachment":[{"href":"http:\/\/elektro-pio.de\/index.php?rest_route=%2Fwp%2Fv2%2Fmedia&parent=10"}],"curies":[{"name":"wp","href":"https:\/\/api.w.org\/{rel}","templated":true}]}}